{"id":493,"date":"2019-04-27T03:25:53","date_gmt":"2019-04-27T10:25:53","guid":{"rendered":"https:\/\/durantasgt.com\/?page_id=493"},"modified":"2025-05-24T14:57:29","modified_gmt":"2025-05-24T20:57:29","slug":"pinas","status":"publish","type":"page","link":"https:\/\/durantasgt.com\/en\/pinas\/","title":{"rendered":"Pi\u00f1a Golden Sweet MD2"},"content":{"rendered":"\t\t<div data-elementor-type=\"wp-post\" data-elementor-id=\"493\" class=\"elementor elementor-493\" data-elementor-post-type=\"page\">\n\t\t\t\t\t\t<section class=\"elementor-section elementor-top-section elementor-element elementor-element-500990b5 elementor-section-boxed elementor-section-height-default elementor-section-height-default\" data-id=\"500990b5\" data-element_type=\"section\" data-e-type=\"section\">\n\t\t\t\t\t\t<div class=\"elementor-container elementor-column-gap-default\">\n\t\t\t\t\t<div class=\"elementor-column elementor-col-100 elementor-top-column elementor-element elementor-element-5d8a4ccc\" data-id=\"5d8a4ccc\" data-element_type=\"column\" data-e-type=\"column\">\n\t\t\t<div class=\"elementor-widget-wrap elementor-element-populated\">\n\t\t\t\t\t\t<div class=\"elementor-element elementor-element-624b5e94 elementor-widget elementor-widget-spacer\" data-id=\"624b5e94\" data-element_type=\"widget\" data-e-type=\"widget\" data-widget_type=\"spacer.default\">\n\t\t\t\t<div class=\"elementor-widget-container\">\n\t\t\t\t\t\t\t<div class=\"elementor-spacer\">\n\t\t\t<div class=\"elementor-spacer-inner\"><\/div>\n\t\t<\/div>\n\t\t\t\t\t\t<\/div>\n\t\t\t\t<\/div>\n\t\t\t\t<div class=\"elementor-element elementor-element-6bdc7d7c elementor-widget elementor-widget-heading\" data-id=\"6bdc7d7c\" data-element_type=\"widget\" data-e-type=\"widget\" data-widget_type=\"heading.default\">\n\t\t\t\t<div class=\"elementor-widget-container\">\n\t\t\t\t\t<h1 class=\"elementor-heading-title elementor-size-default\">NUESTROS PRODUCTOS<\/h1>\t\t\t\t<\/div>\n\t\t\t\t<\/div>\n\t\t\t\t<div class=\"elementor-element elementor-element-568178ca elementor-widget-divider--view-line elementor-widget elementor-widget-divider\" data-id=\"568178ca\" data-element_type=\"widget\" data-e-type=\"widget\" data-widget_type=\"divider.default\">\n\t\t\t\t<div class=\"elementor-widget-container\">\n\t\t\t\t\t\t\t<div class=\"elementor-divider\">\n\t\t\t<span class=\"elementor-divider-separator\">\n\t\t\t\t\t\t<\/span>\n\t\t<\/div>\n\t\t\t\t\t\t<\/div>\n\t\t\t\t<\/div>\n\t\t\t\t<section class=\"elementor-section elementor-inner-section elementor-element elementor-element-36534df elementor-reverse-mobile elementor-section-boxed elementor-section-height-default elementor-section-height-default\" data-id=\"36534df\" data-element_type=\"section\" data-e-type=\"section\">\n\t\t\t\t\t\t<div class=\"elementor-container elementor-column-gap-default\">\n\t\t\t\t\t<div class=\"elementor-column elementor-col-33 elementor-inner-column elementor-element elementor-element-386ab240\" data-id=\"386ab240\" data-element_type=\"column\" data-e-type=\"column\">\n\t\t\t<div class=\"elementor-widget-wrap elementor-element-populated\">\n\t\t\t\t\t\t<div class=\"elementor-element elementor-element-5f78b3f elementor-position-top elementor-invisible elementor-widget elementor-widget-image-box\" data-id=\"5f78b3f\" data-element_type=\"widget\" data-e-type=\"widget\" data-settings=\"{&quot;_animation&quot;:&quot;fadeInLeft&quot;}\" data-widget_type=\"image-box.default\">\n\t\t\t\t<div class=\"elementor-widget-container\">\n\t\t\t\t\t<div class=\"elementor-image-box-wrapper\"><figure class=\"elementor-image-box-img\"><img decoding=\"async\" src=\"https:\/\/durantasgt.com\/wp-content\/uploads\/elementor\/thumbs\/ffee2447b152494b43d9816faaea83c8_S-1-o6ykxz74g7w1c52k9h0dvvq9lcy2bo5ekcn9nlmz2g.jpg\" title=\"ffee2447b152494b43d9816faaea83c8_S.jpg\" alt=\"ffee2447b152494b43d9816faaea83c8_S.jpg\" loading=\"lazy\" \/><\/figure><div class=\"elementor-image-box-content\"><h3 class=\"elementor-image-box-title\">PI\u00d1A MD2<\/h3><\/div><\/div>\t\t\t\t<\/div>\n\t\t\t\t<\/div>\n\t\t\t\t<div class=\"elementor-element elementor-element-77b07a9a elementor-position-top elementor-invisible elementor-widget elementor-widget-image-box\" data-id=\"77b07a9a\" data-element_type=\"widget\" data-e-type=\"widget\" data-settings=\"{&quot;_animation&quot;:&quot;fadeInLeft&quot;}\" data-widget_type=\"image-box.default\">\n\t\t\t\t<div class=\"elementor-widget-container\">\n\t\t\t\t\t<div class=\"elementor-image-box-wrapper\"><figure class=\"elementor-image-box-img\"><a href=\"http:\/\/durantasgt.com\/mango\/\" tabindex=\"-1\"><img decoding=\"async\" src=\"https:\/\/durantasgt.com\/wp-content\/uploads\/elementor\/thumbs\/b-1-o6yky04y5ier0jrpcf2jlxydrt4s2nyujrgoobeovs.png\" title=\"b.png\" alt=\"b.png\" class=\"elementor-animation-shrink\" loading=\"lazy\" \/><\/a><\/figure><div class=\"elementor-image-box-content\"><h3 class=\"elementor-image-box-title\"><a href=\"http:\/\/durantasgt.com\/mango\/\">MANGO KEITT<\/a><\/h3><\/div><\/div>\t\t\t\t<\/div>\n\t\t\t\t<\/div>\n\t\t\t\t<div class=\"elementor-element elementor-element-b654ae0 elementor-position-top elementor-invisible elementor-widget elementor-widget-image-box\" data-id=\"b654ae0\" data-element_type=\"widget\" data-e-type=\"widget\" data-settings=\"{&quot;_animation&quot;:&quot;fadeInLeft&quot;}\" data-widget_type=\"image-box.default\">\n\t\t\t\t<div class=\"elementor-widget-container\">\n\t\t\t\t\t<div class=\"elementor-image-box-wrapper\"><figure class=\"elementor-image-box-img\"><a href=\"https:\/\/durantasgt.com\/esparrago-verde\/\" tabindex=\"-1\"><img decoding=\"async\" src=\"https:\/\/durantasgt.com\/wp-content\/uploads\/elementor\/thumbs\/esparragos-verdes-durantasgt-r6aq31n8qrqbwjf93araihr7ssbg2f4m75ov893jw8.png\" title=\"esparragos verdes durantasgt\" alt=\"esparragos verdes durantasgt\" class=\"elementor-animation-shrink\" loading=\"lazy\" \/><\/a><\/figure><div class=\"elementor-image-box-content\"><h3 class=\"elementor-image-box-title\"><a href=\"https:\/\/durantasgt.com\/esparrago-verde\/\">ESP\u00c1RRAGO VERDE<\/a><\/h3><\/div><\/div>\t\t\t\t<\/div>\n\t\t\t\t<\/div>\n\t\t\t\t\t<\/div>\n\t\t<\/div>\n\t\t\t\t<div class=\"elementor-column elementor-col-33 elementor-inner-column elementor-element elementor-element-6029c511\" data-id=\"6029c511\" data-element_type=\"column\" data-e-type=\"column\">\n\t\t\t<div class=\"elementor-widget-wrap elementor-element-populated\">\n\t\t\t\t\t\t<div class=\"elementor-element elementor-element-71b8cfdc elementor-invisible elementor-widget elementor-widget-image\" data-id=\"71b8cfdc\" data-element_type=\"widget\" data-e-type=\"widget\" data-settings=\"{&quot;motion_fx_motion_fx_scrolling&quot;:&quot;yes&quot;,&quot;motion_fx_translateY_effect&quot;:&quot;yes&quot;,&quot;motion_fx_translateY_speed&quot;:{&quot;unit&quot;:&quot;px&quot;,&quot;size&quot;:1,&quot;sizes&quot;:[]},&quot;_animation&quot;:&quot;zoomIn&quot;,&quot;motion_fx_translateY_affectedRange&quot;:{&quot;unit&quot;:&quot;%&quot;,&quot;size&quot;:&quot;&quot;,&quot;sizes&quot;:{&quot;start&quot;:0,&quot;end&quot;:100}},&quot;motion_fx_devices&quot;:[&quot;desktop&quot;,&quot;tablet&quot;,&quot;mobile&quot;]}\" data-widget_type=\"image.default\">\n\t\t\t\t<div class=\"elementor-widget-container\">\n\t\t\t\t\t\t\t\t\t\t\t\t\t\t\t<img fetchpriority=\"high\" decoding=\"async\" width=\"500\" height=\"319\" src=\"https:\/\/durantasgt.com\/wp-content\/uploads\/2019\/04\/1-copy.png\" class=\"attachment-large size-large wp-image-370\" alt=\"\" srcset=\"https:\/\/durantasgt.com\/wp-content\/uploads\/2019\/04\/1-copy.png 500w, https:\/\/durantasgt.com\/wp-content\/uploads\/2019\/04\/1-copy-300x191.png 300w\" sizes=\"100vw\" \/>\t\t\t\t\t\t\t\t\t\t\t\t\t\t\t<\/div>\n\t\t\t\t<\/div>\n\t\t\t\t<div class=\"elementor-element elementor-element-74f2b23c elementor-invisible elementor-widget elementor-widget-image\" data-id=\"74f2b23c\" data-element_type=\"widget\" data-e-type=\"widget\" data-settings=\"{&quot;motion_fx_motion_fx_scrolling&quot;:&quot;yes&quot;,&quot;motion_fx_translateY_effect&quot;:&quot;yes&quot;,&quot;motion_fx_translateY_speed&quot;:{&quot;unit&quot;:&quot;px&quot;,&quot;size&quot;:1,&quot;sizes&quot;:[]},&quot;_animation&quot;:&quot;zoomIn&quot;,&quot;motion_fx_translateY_affectedRange&quot;:{&quot;unit&quot;:&quot;%&quot;,&quot;size&quot;:&quot;&quot;,&quot;sizes&quot;:{&quot;start&quot;:0,&quot;end&quot;:100}},&quot;motion_fx_devices&quot;:[&quot;desktop&quot;,&quot;tablet&quot;,&quot;mobile&quot;]}\" data-widget_type=\"image.default\">\n\t\t\t\t<div class=\"elementor-widget-container\">\n\t\t\t\t\t\t\t\t\t\t\t\t\t\t\t<img decoding=\"async\" width=\"300\" height=\"300\" src=\"https:\/\/durantasgt.com\/wp-content\/uploads\/2019\/04\/2-300x300.png\" class=\"attachment-medium size-medium wp-image-371\" alt=\"\" srcset=\"https:\/\/durantasgt.com\/wp-content\/uploads\/2019\/04\/2-300x300.png 300w, https:\/\/durantasgt.com\/wp-content\/uploads\/2019\/04\/2-150x150.png 150w, https:\/\/durantasgt.com\/wp-content\/uploads\/2019\/04\/2.png 421w\" sizes=\"100vw\" \/>\t\t\t\t\t\t\t\t\t\t\t\t\t\t\t<\/div>\n\t\t\t\t<\/div>\n\t\t\t\t\t<\/div>\n\t\t<\/div>\n\t\t\t\t<div class=\"elementor-column elementor-col-33 elementor-inner-column elementor-element elementor-element-1bb93210\" data-id=\"1bb93210\" data-element_type=\"column\" data-e-type=\"column\">\n\t\t\t<div class=\"elementor-widget-wrap elementor-element-populated\">\n\t\t\t\t\t\t<div class=\"elementor-element elementor-element-5fa7372e elementor-widget elementor-widget-heading\" data-id=\"5fa7372e\" data-element_type=\"widget\" data-e-type=\"widget\" data-widget_type=\"heading.default\">\n\t\t\t\t<div class=\"elementor-widget-container\">\n\t\t\t\t\t<h1 class=\"elementor-heading-title elementor-size-default\">PI\u00d1A GOLDEN SWEET - MD2<\/h1>\t\t\t\t<\/div>\n\t\t\t\t<\/div>\n\t\t\t\t<div class=\"elementor-element elementor-element-6a972b15 elementor-widget elementor-widget-text-editor\" data-id=\"6a972b15\" data-element_type=\"widget\" data-e-type=\"widget\" data-widget_type=\"text-editor.default\">\n\t\t\t\t<div class=\"elementor-widget-container\">\n\t\t\t\t\t\t\t\t\t<p>Si la pi\u00f1a es denominada como la \u201cReina de las Frutas\u201d, la Pi\u00f1a Golden Sweet es una Emperatriz y como su nombre nativo \u201cnana-nana\u201d, fruta sabrosa la describe, es la pi\u00f1a una fruta de alta calidad, con un sabor y color espectacular.<\/p>\t\t\t\t\t\t\t\t<\/div>\n\t\t\t\t<\/div>\n\t\t\t\t<div class=\"elementor-element elementor-element-793fe8d1 elementor-widget elementor-widget-text-editor\" data-id=\"793fe8d1\" data-element_type=\"widget\" data-e-type=\"widget\" data-widget_type=\"text-editor.default\">\n\t\t\t\t<div class=\"elementor-widget-container\">\n\t\t\t\t\t\t\t\t\t<p><b>Nombre cient\u00edfico: <\/b>Ananas Comosus<br \/><b>Grados brix: <\/b>12 &#8211; 15<br \/><b>Origen:\u00a0<\/b>El Jocotillo, Villa Canales, Guatemala.<br \/><b>Altitud:\u00a0<\/b>1,100m sobre el nivel del mar<br \/><b>Cosecha:\u00a0<\/b>Todo el a\u00f1o<br \/><b>Disponible como:\u00a0<\/b>Fruta fresca<\/p>\t\t\t\t\t\t\t\t<\/div>\n\t\t\t\t<\/div>\n\t\t\t\t\t<\/div>\n\t\t<\/div>\n\t\t\t\t\t<\/div>\n\t\t<\/section>\n\t\t\t\t<div class=\"elementor-element elementor-element-7a5588aa elementor-widget elementor-widget-spacer\" data-id=\"7a5588aa\" data-element_type=\"widget\" data-e-type=\"widget\" data-widget_type=\"spacer.default\">\n\t\t\t\t<div class=\"elementor-widget-container\">\n\t\t\t\t\t\t\t<div class=\"elementor-spacer\">\n\t\t\t<div class=\"elementor-spacer-inner\"><\/div>\n\t\t<\/div>\n\t\t\t\t\t\t<\/div>\n\t\t\t\t<\/div>\n\t\t\t\t\t<\/div>\n\t\t<\/div>\n\t\t\t\t\t<\/div>\n\t\t<\/section>\n\t\t\t\t<\/div>\n\t\t","protected":false},"excerpt":{"rendered":"<p>NUESTROS PRODUCTOS PI\u00d1A MD2 MANGO KEITT ESP\u00c1RRAGO VERDE PI\u00d1A GOLDEN SWEET &#8211; MD2 Si la pi\u00f1a es denominada como la \u201cReina de las Frutas\u201d, la Pi\u00f1a Golden Sweet es una Emperatriz y como su nombre nativo \u201cnana-nana\u201d, fruta sabrosa la describe, es la pi\u00f1a una fruta de alta calidad, con un sabor y color espectacular. &hellip; <\/p>\n<p class=\"link-more\"><a href=\"https:\/\/durantasgt.com\/en\/pinas\/\" class=\"more-link\">Continue reading<span class=\"screen-reader-text\"> &#8220;Pi\u00f1a Golden Sweet MD2&#8221;<\/span><\/a><\/p>","protected":false},"author":1,"featured_media":0,"parent":0,"menu_order":0,"comment_status":"closed","ping_status":"closed","template":"elementor_header_footer","meta":{"footnotes":""},"class_list":["post-493","page","type-page","status-publish","hentry"],"yoast_head":"<!-- This site is optimized with the Yoast SEO plugin v27.6 - https:\/\/yoast.com\/product\/yoast-seo-wordpress\/ -->\n<title>Pi\u00f1a Golden Sweet MD2 - Durantas S.A. - Producci\u00f3n de frutas<\/title>\n<meta name=\"description\" content=\"Si la pi\u00f1a es denominada como la \u201cReina de las Frutas\u201d, la Pi\u00f1a Golden Sweet es una Emperatriz y como su nombre nativo \u201cnana-nana\u201d, fruta sabrosa...\" \/>\n<meta name=\"robots\" content=\"index, follow, max-snippet:-1, max-image-preview:large, max-video-preview:-1\" \/>\n<link rel=\"canonical\" href=\"https:\/\/durantasgt.com\/en\/pinas\/\" \/>\n<meta property=\"og:locale\" content=\"en_US\" \/>\n<meta property=\"og:type\" content=\"article\" \/>\n<meta property=\"og:title\" content=\"Pi\u00f1a Golden Sweet MD2 - Durantas S.A. - Producci\u00f3n de frutas\" \/>\n<meta property=\"og:description\" content=\"Si la pi\u00f1a es denominada como la \u201cReina de las Frutas\u201d, la Pi\u00f1a Golden Sweet es una Emperatriz y como su nombre nativo \u201cnana-nana\u201d, fruta sabrosa...\" \/>\n<meta property=\"og:url\" content=\"https:\/\/durantasgt.com\/en\/pinas\/\" \/>\n<meta property=\"og:site_name\" content=\"Durantas S.A.\" \/>\n<meta property=\"article:modified_time\" content=\"2025-05-24T20:57:29+00:00\" \/>\n<meta property=\"og:image\" content=\"https:\/\/durantasgt.com\/wp-content\/uploads\/elementor\/thumbs\/ffee2447b152494b43d9816faaea83c8_S-1-o6ykxz74g7w1c52k9h0dvvq9lcy2bo5ekcn9nlmz2g.jpg\" \/>\n<meta name=\"twitter:card\" content=\"summary_large_image\" \/>\n<meta name=\"twitter:label1\" content=\"Est. reading time\" \/>\n\t<meta name=\"twitter:data1\" content=\"2 minutes\" \/>\n<script type=\"application\/ld+json\" class=\"yoast-schema-graph\">{\"@context\":\"https:\\\/\\\/schema.org\",\"@graph\":[{\"@type\":\"WebPage\",\"@id\":\"https:\\\/\\\/durantasgt.com\\\/pinas\\\/\",\"url\":\"https:\\\/\\\/durantasgt.com\\\/pinas\\\/\",\"name\":\"Pi\u00f1a Golden Sweet MD2 - Durantas S.A. - Producci\u00f3n de frutas\",\"isPartOf\":{\"@id\":\"https:\\\/\\\/durantasgt.com\\\/#website\"},\"primaryImageOfPage\":{\"@id\":\"https:\\\/\\\/durantasgt.com\\\/pinas\\\/#primaryimage\"},\"image\":{\"@id\":\"https:\\\/\\\/durantasgt.com\\\/pinas\\\/#primaryimage\"},\"thumbnailUrl\":\"https:\\\/\\\/durantasgt.com\\\/wp-content\\\/uploads\\\/elementor\\\/thumbs\\\/ffee2447b152494b43d9816faaea83c8_S-1-o6ykxz74g7w1c52k9h0dvvq9lcy2bo5ekcn9nlmz2g.jpg\",\"datePublished\":\"2019-04-27T10:25:53+00:00\",\"dateModified\":\"2025-05-24T20:57:29+00:00\",\"description\":\"Si la pi\u00f1a es denominada como la \u201cReina de las Frutas\u201d, la Pi\u00f1a Golden Sweet es una Emperatriz y como su nombre nativo \u201cnana-nana\u201d, fruta sabrosa...\",\"breadcrumb\":{\"@id\":\"https:\\\/\\\/durantasgt.com\\\/pinas\\\/#breadcrumb\"},\"inLanguage\":\"en-US\",\"potentialAction\":[{\"@type\":\"ReadAction\",\"target\":[\"https:\\\/\\\/durantasgt.com\\\/pinas\\\/\"]}]},{\"@type\":\"ImageObject\",\"inLanguage\":\"en-US\",\"@id\":\"https:\\\/\\\/durantasgt.com\\\/pinas\\\/#primaryimage\",\"url\":\"https:\\\/\\\/durantasgt.com\\\/wp-content\\\/uploads\\\/elementor\\\/thumbs\\\/ffee2447b152494b43d9816faaea83c8_S-1-o6ykxz74g7w1c52k9h0dvvq9lcy2bo5ekcn9nlmz2g.jpg\",\"contentUrl\":\"https:\\\/\\\/durantasgt.com\\\/wp-content\\\/uploads\\\/elementor\\\/thumbs\\\/ffee2447b152494b43d9816faaea83c8_S-1-o6ykxz74g7w1c52k9h0dvvq9lcy2bo5ekcn9nlmz2g.jpg\"},{\"@type\":\"BreadcrumbList\",\"@id\":\"https:\\\/\\\/durantasgt.com\\\/pinas\\\/#breadcrumb\",\"itemListElement\":[{\"@type\":\"ListItem\",\"position\":1,\"name\":\"Home\",\"item\":\"https:\\\/\\\/durantasgt.com\\\/\"},{\"@type\":\"ListItem\",\"position\":2,\"name\":\"Pi\u00f1a Golden Sweet MD2\"}]},{\"@type\":\"WebSite\",\"@id\":\"https:\\\/\\\/durantasgt.com\\\/#website\",\"url\":\"https:\\\/\\\/durantasgt.com\\\/\",\"name\":\"Durantas S.A.\",\"description\":\"Producci\u00f3n de frutas\",\"publisher\":{\"@id\":\"https:\\\/\\\/durantasgt.com\\\/#organization\"},\"potentialAction\":[{\"@type\":\"SearchAction\",\"target\":{\"@type\":\"EntryPoint\",\"urlTemplate\":\"https:\\\/\\\/durantasgt.com\\\/?s={search_term_string}\"},\"query-input\":{\"@type\":\"PropertyValueSpecification\",\"valueRequired\":true,\"valueName\":\"search_term_string\"}}],\"inLanguage\":\"en-US\"},{\"@type\":\"Organization\",\"@id\":\"https:\\\/\\\/durantasgt.com\\\/#organization\",\"name\":\"Durantas S.A.\",\"url\":\"https:\\\/\\\/durantasgt.com\\\/\",\"logo\":{\"@type\":\"ImageObject\",\"inLanguage\":\"en-US\",\"@id\":\"https:\\\/\\\/durantasgt.com\\\/#\\\/schema\\\/logo\\\/image\\\/\",\"url\":\"https:\\\/\\\/durantasgt.com\\\/wp-content\\\/uploads\\\/2019\\\/04\\\/cropped-Screenshot-2019-03-07-at-09.20.37-1-1.png\",\"contentUrl\":\"https:\\\/\\\/durantasgt.com\\\/wp-content\\\/uploads\\\/2019\\\/04\\\/cropped-Screenshot-2019-03-07-at-09.20.37-1-1.png\",\"width\":497,\"height\":250,\"caption\":\"Durantas S.A.\"},\"image\":{\"@id\":\"https:\\\/\\\/durantasgt.com\\\/#\\\/schema\\\/logo\\\/image\\\/\"}}]}<\/script>\n<!-- \/ Yoast SEO plugin. -->","yoast_head_json":{"title":"Pi\u00f1a Golden Sweet MD2 - Durantas S.A. - Producci\u00f3n de frutas","description":"Si la pi\u00f1a es denominada como la \u201cReina de las Frutas\u201d, la Pi\u00f1a Golden Sweet es una Emperatriz y como su nombre nativo \u201cnana-nana\u201d, fruta sabrosa...","robots":{"index":"index","follow":"follow","max-snippet":"max-snippet:-1","max-image-preview":"max-image-preview:large","max-video-preview":"max-video-preview:-1"},"canonical":"https:\/\/durantasgt.com\/en\/pinas\/","og_locale":"en_US","og_type":"article","og_title":"Pi\u00f1a Golden Sweet MD2 - Durantas S.A. - Producci\u00f3n de frutas","og_description":"Si la pi\u00f1a es denominada como la \u201cReina de las Frutas\u201d, la Pi\u00f1a Golden Sweet es una Emperatriz y como su nombre nativo \u201cnana-nana\u201d, fruta sabrosa...","og_url":"https:\/\/durantasgt.com\/en\/pinas\/","og_site_name":"Durantas S.A.","article_modified_time":"2025-05-24T20:57:29+00:00","og_image":[{"url":"https:\/\/durantasgt.com\/wp-content\/uploads\/elementor\/thumbs\/ffee2447b152494b43d9816faaea83c8_S-1-o6ykxz74g7w1c52k9h0dvvq9lcy2bo5ekcn9nlmz2g.jpg","type":"","width":"","height":""}],"twitter_card":"summary_large_image","twitter_misc":{"Est. reading time":"2 minutes"},"schema":{"@context":"https:\/\/schema.org","@graph":[{"@type":"WebPage","@id":"https:\/\/durantasgt.com\/pinas\/","url":"https:\/\/durantasgt.com\/pinas\/","name":"Pi\u00f1a Golden Sweet MD2 - Durantas S.A. - Producci\u00f3n de frutas","isPartOf":{"@id":"https:\/\/durantasgt.com\/#website"},"primaryImageOfPage":{"@id":"https:\/\/durantasgt.com\/pinas\/#primaryimage"},"image":{"@id":"https:\/\/durantasgt.com\/pinas\/#primaryimage"},"thumbnailUrl":"https:\/\/durantasgt.com\/wp-content\/uploads\/elementor\/thumbs\/ffee2447b152494b43d9816faaea83c8_S-1-o6ykxz74g7w1c52k9h0dvvq9lcy2bo5ekcn9nlmz2g.jpg","datePublished":"2019-04-27T10:25:53+00:00","dateModified":"2025-05-24T20:57:29+00:00","description":"Si la pi\u00f1a es denominada como la \u201cReina de las Frutas\u201d, la Pi\u00f1a Golden Sweet es una Emperatriz y como su nombre nativo \u201cnana-nana\u201d, fruta sabrosa...","breadcrumb":{"@id":"https:\/\/durantasgt.com\/pinas\/#breadcrumb"},"inLanguage":"en-US","potentialAction":[{"@type":"ReadAction","target":["https:\/\/durantasgt.com\/pinas\/"]}]},{"@type":"ImageObject","inLanguage":"en-US","@id":"https:\/\/durantasgt.com\/pinas\/#primaryimage","url":"https:\/\/durantasgt.com\/wp-content\/uploads\/elementor\/thumbs\/ffee2447b152494b43d9816faaea83c8_S-1-o6ykxz74g7w1c52k9h0dvvq9lcy2bo5ekcn9nlmz2g.jpg","contentUrl":"https:\/\/durantasgt.com\/wp-content\/uploads\/elementor\/thumbs\/ffee2447b152494b43d9816faaea83c8_S-1-o6ykxz74g7w1c52k9h0dvvq9lcy2bo5ekcn9nlmz2g.jpg"},{"@type":"BreadcrumbList","@id":"https:\/\/durantasgt.com\/pinas\/#breadcrumb","itemListElement":[{"@type":"ListItem","position":1,"name":"Home","item":"https:\/\/durantasgt.com\/"},{"@type":"ListItem","position":2,"name":"Pi\u00f1a Golden Sweet MD2"}]},{"@type":"WebSite","@id":"https:\/\/durantasgt.com\/#website","url":"https:\/\/durantasgt.com\/","name":"Durantas S.A.","description":"Producci\u00f3n de frutas","publisher":{"@id":"https:\/\/durantasgt.com\/#organization"},"potentialAction":[{"@type":"SearchAction","target":{"@type":"EntryPoint","urlTemplate":"https:\/\/durantasgt.com\/?s={search_term_string}"},"query-input":{"@type":"PropertyValueSpecification","valueRequired":true,"valueName":"search_term_string"}}],"inLanguage":"en-US"},{"@type":"Organization","@id":"https:\/\/durantasgt.com\/#organization","name":"Durantas S.A.","url":"https:\/\/durantasgt.com\/","logo":{"@type":"ImageObject","inLanguage":"en-US","@id":"https:\/\/durantasgt.com\/#\/schema\/logo\/image\/","url":"https:\/\/durantasgt.com\/wp-content\/uploads\/2019\/04\/cropped-Screenshot-2019-03-07-at-09.20.37-1-1.png","contentUrl":"https:\/\/durantasgt.com\/wp-content\/uploads\/2019\/04\/cropped-Screenshot-2019-03-07-at-09.20.37-1-1.png","width":497,"height":250,"caption":"Durantas S.A."},"image":{"@id":"https:\/\/durantasgt.com\/#\/schema\/logo\/image\/"}}]}},"_links":{"self":[{"href":"https:\/\/durantasgt.com\/en\/wp-json\/wp\/v2\/pages\/493","targetHints":{"allow":["GET"]}}],"collection":[{"href":"https:\/\/durantasgt.com\/en\/wp-json\/wp\/v2\/pages"}],"about":[{"href":"https:\/\/durantasgt.com\/en\/wp-json\/wp\/v2\/types\/page"}],"author":[{"embeddable":true,"href":"https:\/\/durantasgt.com\/en\/wp-json\/wp\/v2\/users\/1"}],"replies":[{"embeddable":true,"href":"https:\/\/durantasgt.com\/en\/wp-json\/wp\/v2\/comments?post=493"}],"version-history":[{"count":16,"href":"https:\/\/durantasgt.com\/en\/wp-json\/wp\/v2\/pages\/493\/revisions"}],"predecessor-version":[{"id":928,"href":"https:\/\/durantasgt.com\/en\/wp-json\/wp\/v2\/pages\/493\/revisions\/928"}],"wp:attachment":[{"href":"https:\/\/durantasgt.com\/en\/wp-json\/wp\/v2\/media?parent=493"}],"curies":[{"name":"wp","href":"https:\/\/api.w.org\/{rel}","templated":true}]}}